{"id":708,"date":"2024-02-11T12:18:15","date_gmt":"2024-02-11T11:18:15","guid":{"rendered":"https:\/\/promofication.draftplaza.com\/?page_id=708"},"modified":"2024-03-04T17:17:44","modified_gmt":"2024-03-04T16:17:44","slug":"missao","status":"publish","type":"page","link":"https:\/\/promofication.com\/pt-br\/missao\/","title":{"rendered":"miss\u00e3o"},"content":{"rendered":"\t\t<div data-elementor-type=\"wp-page\" data-elementor-id=\"708\" class=\"elementor elementor-708\" data-elementor-post-type=\"page\">\n\t\t\t\t<div data-particle_enable=\"false\" data-particle-mobile-disabled=\"false\" class=\"elementor-element elementor-element-4eb1095 elementor-hidden-mobile e-flex e-con-boxed wpr-particle-no wpr-jarallax-no wpr-parallax-no wpr-sticky-section-no wpr-equal-height-no e-con e-parent\" data-id=\"4eb1095\" data-element_type=\"container\" data-e-type=\"container\" data-settings=\"{&quot;background_background&quot;:&quot;classic&quot;}\">\n\t\t\t\t\t<div class=\"e-con-inner\">\n\t\t<div data-particle_enable=\"false\" data-particle-mobile-disabled=\"false\" class=\"elementor-element elementor-element-abac70f e-flex e-con-boxed wpr-particle-no wpr-jarallax-no wpr-parallax-no wpr-sticky-section-no wpr-equal-height-no e-con e-child\" data-id=\"abac70f\" data-element_type=\"container\" data-e-type=\"container\">\n\t\t\t\t\t<div class=\"e-con-inner\">\n\t\t<div data-particle_enable=\"false\" data-particle-mobile-disabled=\"false\" class=\"elementor-element elementor-element-64bd513 e-con-full e-flex wpr-particle-no wpr-jarallax-no wpr-parallax-no wpr-sticky-section-no wpr-equal-height-no e-con e-child\" data-id=\"64bd513\" data-element_type=\"container\" data-e-type=\"container\">\n\t\t\t\t<div class=\"elementor-element elementor-element-8f629df elementor-widget elementor-widget-heading\" data-id=\"8f629df\" data-element_type=\"widget\" data-e-type=\"widget\" data-widget_type=\"heading.default\">\n\t\t\t\t<div class=\"elementor-widget-container\">\n\t\t\t\t\t<h2 class=\"elementor-heading-title elementor-size-default\">miss\u00e3o<\/h2>\t\t\t\t<\/div>\n\t\t\t\t<\/div>\n\t\t\t\t<div class=\"elementor-element elementor-element-667a6cf elementor-widget elementor-widget-text-editor\" data-id=\"667a6cf\" data-element_type=\"widget\" data-e-type=\"widget\" data-widget_type=\"text-editor.default\">\n\t\t\t\t<div class=\"elementor-widget-container\">\n\t\t\t\t\t\t\t\t\t<p>Enquanto no jogo f\u00edsico os investimentos se concentram em equipamentos e tecnologia, no jogo online o foco principal est\u00e1 na publicidade para atrair jogadores e nas promo\u00e7\u00f5es para adquirir e fidelizar os usu\u00e1rios no site.<\/p><p>Para ser competitivo no setor de jogos online, \u00e9 fundamental garantir entretenimento, ter ferramentas promocionais eficazes, saber gerenciar os custos associados a eles e, principalmente, ter um or\u00e7amento adequado.<\/p><p>N\u00f3s estabelecemos o ambicioso objetivo de criar uma rede de promo\u00e7\u00f5es com liquidez compartilhada que permita aos operadores de m\u00e9dio e pequeno porte competir com os grandes players do mercado.<\/p>\t\t\t\t\t\t\t\t<\/div>\n\t\t\t\t<\/div>\n\t\t\t\t<div class=\"elementor-element elementor-element-7926de5 elementor-widget elementor-widget-button\" data-id=\"7926de5\" data-element_type=\"widget\" data-e-type=\"widget\" data-widget_type=\"button.default\">\n\t\t\t\t<div class=\"elementor-widget-container\">\n\t\t\t\t\t\t\t\t\t<div class=\"elementor-button-wrapper\">\n\t\t\t\t\t<a class=\"elementor-button elementor-button-link elementor-size-sm elementor-animation-shrink\" href=\"https:\/\/promofication.com\/demo\/\">\n\t\t\t\t\t\t<span class=\"elementor-button-content-wrapper\">\n\t\t\t\t\t\t\t\t\t<span class=\"elementor-button-text\">PE\u00c7A DEMO<\/span>\n\t\t\t\t\t<\/span>\n\t\t\t\t\t<\/a>\n\t\t\t\t<\/div>\n\t\t\t\t\t\t\t\t<\/div>\n\t\t\t\t<\/div>\n\t\t\t\t<\/div>\n\t\t<div data-particle_enable=\"false\" data-particle-mobile-disabled=\"false\" class=\"elementor-element elementor-element-6b5c034 e-con-full e-flex wpr-particle-no wpr-jarallax-no wpr-parallax-no wpr-sticky-section-no wpr-equal-height-no e-con e-child\" data-id=\"6b5c034\" data-element_type=\"container\" data-e-type=\"container\">\n\t\t\t\t<div class=\"elementor-element elementor-element-6aa7dd6 elementor-widget elementor-widget-image\" data-id=\"6aa7dd6\" data-element_type=\"widget\" data-e-type=\"widget\" data-widget_type=\"image.default\">\n\t\t\t\t<div class=\"elementor-widget-container\">\n\t\t\t\t\t\t\t\t\t\t\t\t\t\t\t<img decoding=\"async\" src=\"http:\/\/betpassion.info\/blog\/wp-content\/uploads\/2024\/02\/mission.png\" title=\"\" alt=\"\" loading=\"lazy\" \/>\t\t\t\t\t\t\t\t\t\t\t\t\t\t\t<\/div>\n\t\t\t\t<\/div>\n\t\t\t\t<\/div>\n\t\t\t\t\t<\/div>\n\t\t\t\t<\/div>\n\t\t\t\t\t<\/div>\n\t\t\t\t<\/div>\n\t\t<div data-particle_enable=\"false\" data-particle-mobile-disabled=\"false\" class=\"elementor-element elementor-element-1d6b217 elementor-hidden-desktop elementor-hidden-tablet e-flex e-con-boxed wpr-particle-no wpr-jarallax-no wpr-parallax-no wpr-sticky-section-no wpr-equal-height-no e-con e-parent\" data-id=\"1d6b217\" data-element_type=\"container\" data-e-type=\"container\" data-settings=\"{&quot;background_background&quot;:&quot;classic&quot;}\">\n\t\t\t\t\t<div class=\"e-con-inner\">\n\t\t<div data-particle_enable=\"false\" data-particle-mobile-disabled=\"false\" class=\"elementor-element elementor-element-472d7b6 e-con-full e-flex wpr-particle-no wpr-jarallax-no wpr-parallax-no wpr-sticky-section-no wpr-equal-height-no e-con e-child\" data-id=\"472d7b6\" data-element_type=\"container\" data-e-type=\"container\">\n\t\t\t\t<div class=\"elementor-element elementor-element-e55dec7 elementor-widget elementor-widget-image\" data-id=\"e55dec7\" data-element_type=\"widget\" data-e-type=\"widget\" data-widget_type=\"image.default\">\n\t\t\t\t<div class=\"elementor-widget-container\">\n\t\t\t\t\t\t\t\t\t\t\t\t\t\t\t<img decoding=\"async\" src=\"http:\/\/betpassion.info\/blog\/wp-content\/uploads\/2024\/02\/mission.png\" title=\"\" alt=\"\" loading=\"lazy\" \/>\t\t\t\t\t\t\t\t\t\t\t\t\t\t\t<\/div>\n\t\t\t\t<\/div>\n\t\t\t\t<div class=\"elementor-element elementor-element-57b84f1 elementor-widget elementor-widget-text-editor\" data-id=\"57b84f1\" data-element_type=\"widget\" data-e-type=\"widget\" data-widget_type=\"text-editor.default\">\n\t\t\t\t<div class=\"elementor-widget-container\">\n\t\t\t\t\t\t\t\t\t<p>Enquanto no jogo f\u00edsico os investimentos se concentram em equipamentos e tecnologia, no jogo online o foco principal est\u00e1 na publicidade para atrair jogadores e nas promo\u00e7\u00f5es para adquirir e fidelizar os usu\u00e1rios no site.<\/p><p>Para ser competitivo no setor de jogos online, \u00e9 fundamental garantir entretenimento, ter ferramentas promocionais eficazes, saber gerenciar os custos associados a eles e, principalmente, ter um or\u00e7amento adequado.<\/p><p>N\u00f3s estabelecemos o ambicioso objetivo de criar uma rede de promo\u00e7\u00f5es com liquidez compartilhada que permita aos operadores de m\u00e9dio e pequeno porte competir com os grandes players do mercado.<\/p>\t\t\t\t\t\t\t\t<\/div>\n\t\t\t\t<\/div>\n\t\t\t\t<\/div>\n\t\t<div data-particle_enable=\"false\" data-particle-mobile-disabled=\"false\" class=\"elementor-element elementor-element-d8e01a7 e-con-full e-flex wpr-particle-no wpr-jarallax-no wpr-parallax-no wpr-sticky-section-no wpr-equal-height-no e-con e-child\" data-id=\"d8e01a7\" data-element_type=\"container\" data-e-type=\"container\">\n\t\t\t\t<div class=\"elementor-element elementor-element-d173ae7 elementor-mobile-align-justify elementor-widget elementor-widget-button\" data-id=\"d173ae7\" data-element_type=\"widget\" data-e-type=\"widget\" data-widget_type=\"button.default\">\n\t\t\t\t<div class=\"elementor-widget-container\">\n\t\t\t\t\t\t\t\t\t<div class=\"elementor-button-wrapper\">\n\t\t\t\t\t<a class=\"elementor-button elementor-button-link elementor-size-sm elementor-animation-shrink\" href=\"https:\/\/promofication.com\/fun-bonus\/\">\n\t\t\t\t\t\t<span class=\"elementor-button-content-wrapper\">\n\t\t\t\t\t\t\t\t\t<span class=\"elementor-button-text\">PE\u00c7A DEMO<\/span>\n\t\t\t\t\t<\/span>\n\t\t\t\t\t<\/a>\n\t\t\t\t<\/div>\n\t\t\t\t\t\t\t\t<\/div>\n\t\t\t\t<\/div>\n\t\t\t\t<\/div>\n\t\t\t\t\t<\/div>\n\t\t\t\t<\/div>\n\t\t\t\t<\/div>\n\t\t","protected":false},"excerpt":{"rendered":"<p>miss\u00e3o Enquanto no jogo f\u00edsico os investimentos se concentram em equipamentos e tecnologia, no jogo online o foco principal est\u00e1 na publicidade para atrair jogadores e nas promo\u00e7\u00f5es para adquirir e fidelizar os usu\u00e1rios no site. Para ser competitivo no setor de jogos online, \u00e9 fundamental garantir entretenimento, ter ferramentas promocionais eficazes, saber gerenciar os custos associados a eles e, principalmente, ter um or\u00e7amento adequado. N\u00f3s estabelecemos o ambicioso objetivo de criar uma rede de promo\u00e7\u00f5es com liquidez compartilhada que permita aos operadores de m\u00e9dio e pequeno porte competir com os grandes players do mercado. PE\u00c7A DEMO Enquanto no jogo f\u00edsico os investimentos se concentram em equipamentos e tecnologia, no jogo online o foco principal est\u00e1 na publicidade para atrair jogadores e nas promo\u00e7\u00f5es para adquirir e fidelizar os usu\u00e1rios no site. Para ser competitivo no setor de jogos online, \u00e9 fundamental garantir entretenimento, ter ferramentas promocionais eficazes, saber gerenciar os custos associados a eles e, principalmente, ter um or\u00e7amento adequado. N\u00f3s estabelecemos o ambicioso objetivo de criar uma rede de promo\u00e7\u00f5es com liquidez compartilhada que permita aos operadores de m\u00e9dio e pequeno porte competir com os grandes players do mercado. PE\u00c7A DEMO<\/p>\n","protected":false},"author":1,"featured_media":0,"parent":0,"menu_order":0,"comment_status":"closed","ping_status":"closed","template":"elementor_header_footer","meta":{"footnotes":""},"class_list":["post-708","page","type-page","status-publish","hentry"],"yoast_head":"<!-- This site is optimized with the Yoast SEO plugin v27.4 - https:\/\/yoast.com\/product\/yoast-seo-wordpress\/ -->\n<title>miss\u00e3o - Promofication<\/title>\n<meta name=\"robots\" content=\"index, follow, max-snippet:-1, max-image-preview:large, max-video-preview:-1\" \/>\n<link rel=\"canonical\" href=\"https:\/\/promofication.com\/mission\/\" \/>\n<meta property=\"og:locale\" content=\"pt_BR\" \/>\n<meta property=\"og:type\" content=\"article\" \/>\n<meta property=\"og:title\" content=\"miss\u00e3o - Promofication\" \/>\n<meta property=\"og:description\" content=\"miss\u00e3o Enquanto no jogo f\u00edsico os investimentos se concentram em equipamentos e tecnologia, no jogo online o foco principal est\u00e1 na publicidade para atrair jogadores e nas promo\u00e7\u00f5es para adquirir e fidelizar os usu\u00e1rios no site. Para ser competitivo no setor de jogos online, \u00e9 fundamental garantir entretenimento, ter ferramentas promocionais eficazes, saber gerenciar os custos associados a eles e, principalmente, ter um or\u00e7amento adequado. N\u00f3s estabelecemos o ambicioso objetivo de criar uma rede de promo\u00e7\u00f5es com liquidez compartilhada que permita aos operadores de m\u00e9dio e pequeno porte competir com os grandes players do mercado. PE\u00c7A DEMO Enquanto no jogo f\u00edsico os investimentos se concentram em equipamentos e tecnologia, no jogo online o foco principal est\u00e1 na publicidade para atrair jogadores e nas promo\u00e7\u00f5es para adquirir e fidelizar os usu\u00e1rios no site. Para ser competitivo no setor de jogos online, \u00e9 fundamental garantir entretenimento, ter ferramentas promocionais eficazes, saber gerenciar os custos associados a eles e, principalmente, ter um or\u00e7amento adequado. N\u00f3s estabelecemos o ambicioso objetivo de criar uma rede de promo\u00e7\u00f5es com liquidez compartilhada que permita aos operadores de m\u00e9dio e pequeno porte competir com os grandes players do mercado. PE\u00c7A DEMO\" \/>\n<meta property=\"og:url\" content=\"https:\/\/promofication.com\/mission\/\" \/>\n<meta property=\"og:site_name\" content=\"Promofication\" \/>\n<meta property=\"article:modified_time\" content=\"2024-03-04T16:17:44+00:00\" \/>\n<meta property=\"og:image\" content=\"http:\/\/betpassion.info\/blog\/wp-content\/uploads\/2024\/02\/mission.png\" \/>\n<meta name=\"twitter:card\" content=\"summary_large_image\" \/>\n<meta name=\"twitter:label1\" content=\"Est. tempo de leitura\" \/>\n\t<meta name=\"twitter:data1\" content=\"2 minutos\" \/>\n<script type=\"application\/ld+json\" class=\"yoast-schema-graph\">{\"@context\":\"https:\\\/\\\/schema.org\",\"@graph\":[{\"@type\":\"WebPage\",\"@id\":\"https:\\\/\\\/promofication.com\\\/mission\\\/\",\"url\":\"https:\\\/\\\/promofication.com\\\/mission\\\/\",\"name\":\"miss\u00e3o - Promofication\",\"isPartOf\":{\"@id\":\"https:\\\/\\\/promofication.com\\\/#website\"},\"primaryImageOfPage\":{\"@id\":\"https:\\\/\\\/promofication.com\\\/mission\\\/#primaryimage\"},\"image\":{\"@id\":\"https:\\\/\\\/promofication.com\\\/mission\\\/#primaryimage\"},\"thumbnailUrl\":\"http:\\\/\\\/betpassion.info\\\/blog\\\/wp-content\\\/uploads\\\/2024\\\/02\\\/mission.png\",\"datePublished\":\"2024-02-11T11:18:15+00:00\",\"dateModified\":\"2024-03-04T16:17:44+00:00\",\"breadcrumb\":{\"@id\":\"https:\\\/\\\/promofication.com\\\/mission\\\/#breadcrumb\"},\"inLanguage\":\"pt-BR\",\"potentialAction\":[{\"@type\":\"ReadAction\",\"target\":[\"https:\\\/\\\/promofication.com\\\/mission\\\/\"]}]},{\"@type\":\"ImageObject\",\"inLanguage\":\"pt-BR\",\"@id\":\"https:\\\/\\\/promofication.com\\\/mission\\\/#primaryimage\",\"url\":\"http:\\\/\\\/betpassion.info\\\/blog\\\/wp-content\\\/uploads\\\/2024\\\/02\\\/mission.png\",\"contentUrl\":\"http:\\\/\\\/betpassion.info\\\/blog\\\/wp-content\\\/uploads\\\/2024\\\/02\\\/mission.png\"},{\"@type\":\"BreadcrumbList\",\"@id\":\"https:\\\/\\\/promofication.com\\\/mission\\\/#breadcrumb\",\"itemListElement\":[{\"@type\":\"ListItem\",\"position\":1,\"name\":\"Home\",\"item\":\"https:\\\/\\\/promofication.com\\\/pt-br\\\/\"},{\"@type\":\"ListItem\",\"position\":2,\"name\":\"miss\u00e3o\"}]},{\"@type\":\"WebSite\",\"@id\":\"https:\\\/\\\/promofication.com\\\/#website\",\"url\":\"https:\\\/\\\/promofication.com\\\/\",\"name\":\"Promofication\",\"description\":\"MIGLIORA LE PRESTAZIONI DEL TUO SITO DI GIOCO\",\"potentialAction\":[{\"@type\":\"SearchAction\",\"target\":{\"@type\":\"EntryPoint\",\"urlTemplate\":\"https:\\\/\\\/promofication.com\\\/?s={search_term_string}\"},\"query-input\":{\"@type\":\"PropertyValueSpecification\",\"valueRequired\":true,\"valueName\":\"search_term_string\"}}],\"inLanguage\":\"pt-BR\"}]}<\/script>\n<!-- \/ Yoast SEO plugin. -->","yoast_head_json":{"title":"miss\u00e3o - Promofication","robots":{"index":"index","follow":"follow","max-snippet":"max-snippet:-1","max-image-preview":"max-image-preview:large","max-video-preview":"max-video-preview:-1"},"canonical":"https:\/\/promofication.com\/mission\/","og_locale":"pt_BR","og_type":"article","og_title":"miss\u00e3o - Promofication","og_description":"miss\u00e3o Enquanto no jogo f\u00edsico os investimentos se concentram em equipamentos e tecnologia, no jogo online o foco principal est\u00e1 na publicidade para atrair jogadores e nas promo\u00e7\u00f5es para adquirir e fidelizar os usu\u00e1rios no site. Para ser competitivo no setor de jogos online, \u00e9 fundamental garantir entretenimento, ter ferramentas promocionais eficazes, saber gerenciar os custos associados a eles e, principalmente, ter um or\u00e7amento adequado. N\u00f3s estabelecemos o ambicioso objetivo de criar uma rede de promo\u00e7\u00f5es com liquidez compartilhada que permita aos operadores de m\u00e9dio e pequeno porte competir com os grandes players do mercado. PE\u00c7A DEMO Enquanto no jogo f\u00edsico os investimentos se concentram em equipamentos e tecnologia, no jogo online o foco principal est\u00e1 na publicidade para atrair jogadores e nas promo\u00e7\u00f5es para adquirir e fidelizar os usu\u00e1rios no site. Para ser competitivo no setor de jogos online, \u00e9 fundamental garantir entretenimento, ter ferramentas promocionais eficazes, saber gerenciar os custos associados a eles e, principalmente, ter um or\u00e7amento adequado. N\u00f3s estabelecemos o ambicioso objetivo de criar uma rede de promo\u00e7\u00f5es com liquidez compartilhada que permita aos operadores de m\u00e9dio e pequeno porte competir com os grandes players do mercado. PE\u00c7A DEMO","og_url":"https:\/\/promofication.com\/mission\/","og_site_name":"Promofication","article_modified_time":"2024-03-04T16:17:44+00:00","og_image":[{"url":"http:\/\/betpassion.info\/blog\/wp-content\/uploads\/2024\/02\/mission.png","type":"","width":"","height":""}],"twitter_card":"summary_large_image","twitter_misc":{"Est. tempo de leitura":"2 minutos"},"schema":{"@context":"https:\/\/schema.org","@graph":[{"@type":"WebPage","@id":"https:\/\/promofication.com\/mission\/","url":"https:\/\/promofication.com\/mission\/","name":"miss\u00e3o - Promofication","isPartOf":{"@id":"https:\/\/promofication.com\/#website"},"primaryImageOfPage":{"@id":"https:\/\/promofication.com\/mission\/#primaryimage"},"image":{"@id":"https:\/\/promofication.com\/mission\/#primaryimage"},"thumbnailUrl":"http:\/\/betpassion.info\/blog\/wp-content\/uploads\/2024\/02\/mission.png","datePublished":"2024-02-11T11:18:15+00:00","dateModified":"2024-03-04T16:17:44+00:00","breadcrumb":{"@id":"https:\/\/promofication.com\/mission\/#breadcrumb"},"inLanguage":"pt-BR","potentialAction":[{"@type":"ReadAction","target":["https:\/\/promofication.com\/mission\/"]}]},{"@type":"ImageObject","inLanguage":"pt-BR","@id":"https:\/\/promofication.com\/mission\/#primaryimage","url":"http:\/\/betpassion.info\/blog\/wp-content\/uploads\/2024\/02\/mission.png","contentUrl":"http:\/\/betpassion.info\/blog\/wp-content\/uploads\/2024\/02\/mission.png"},{"@type":"BreadcrumbList","@id":"https:\/\/promofication.com\/mission\/#breadcrumb","itemListElement":[{"@type":"ListItem","position":1,"name":"Home","item":"https:\/\/promofication.com\/pt-br\/"},{"@type":"ListItem","position":2,"name":"miss\u00e3o"}]},{"@type":"WebSite","@id":"https:\/\/promofication.com\/#website","url":"https:\/\/promofication.com\/","name":"Promofication","description":"MIGLIORA LE PRESTAZIONI DEL TUO SITO DI GIOCO","potentialAction":[{"@type":"SearchAction","target":{"@type":"EntryPoint","urlTemplate":"https:\/\/promofication.com\/?s={search_term_string}"},"query-input":{"@type":"PropertyValueSpecification","valueRequired":true,"valueName":"search_term_string"}}],"inLanguage":"pt-BR"}]}},"_links":{"self":[{"href":"https:\/\/promofication.com\/pt-br\/wp-json\/wp\/v2\/pages\/708","targetHints":{"allow":["GET"]}}],"collection":[{"href":"https:\/\/promofication.com\/pt-br\/wp-json\/wp\/v2\/pages"}],"about":[{"href":"https:\/\/promofication.com\/pt-br\/wp-json\/wp\/v2\/types\/page"}],"author":[{"embeddable":true,"href":"https:\/\/promofication.com\/pt-br\/wp-json\/wp\/v2\/users\/1"}],"replies":[{"embeddable":true,"href":"https:\/\/promofication.com\/pt-br\/wp-json\/wp\/v2\/comments?post=708"}],"version-history":[{"count":5,"href":"https:\/\/promofication.com\/pt-br\/wp-json\/wp\/v2\/pages\/708\/revisions"}],"predecessor-version":[{"id":713,"href":"https:\/\/promofication.com\/pt-br\/wp-json\/wp\/v2\/pages\/708\/revisions\/713"}],"wp:attachment":[{"href":"https:\/\/promofication.com\/pt-br\/wp-json\/wp\/v2\/media?parent=708"}],"curies":[{"name":"wp","href":"https:\/\/api.w.org\/{rel}","templated":true}]}}